{"id":747,"date":"2023-07-14T09:01:24","date_gmt":"2023-07-14T07:01:24","guid":{"rendered":"https:\/\/ipsmonitor.de\/?page_id=747"},"modified":"2023-10-05T13:45:50","modified_gmt":"2023-10-05T11:45:50","slug":"datenschutzerklaerung","status":"publish","type":"page","link":"https:\/\/ipsmonitor.de\/en\/datenschutzerklaerung\/","title":{"rendered":"Data protection declaration"},"content":{"rendered":"<div class=\"fusion-fullwidth fullwidth-box fusion-builder-row-1 fusion-flex-container has-pattern-background has-mask-background nonhundred-percent-fullwidth non-hundred-percent-height-scrolling\" style=\"--awb-border-radius-top-left:0px;--awb-border-radius-top-right:0px;--awb-border-radius-bottom-right:0px;--awb-border-radius-bottom-left:0px;\" ><div class=\"fusion-builder-row fusion-row fusion-flex-align-items-flex-start\" style=\"max-width:1248px;margin-left: calc(-4% \/ 2 );margin-right: calc(-4% \/ 2 );\"><div class=\"fusion-layout-column fusion_builder_column fusion-builder-column-0 fusion_builder_column_1_1 1_1 fusion-flex-column\" style=\"--awb-bg-size:cover;--awb-width-large:100%;--awb-margin-top-large:0px;--awb-spacing-right-large:1.92%;--awb-margin-bottom-large:20px;--awb-spacing-left-large:1.92%;--awb-width-medium:100%;--awb-order-medium:0;--awb-spacing-right-medium:1.92%;--awb-spacing-left-medium:1.92%;--awb-width-small:100%;--awb-order-small:0;--awb-spacing-right-small:1.92%;--awb-spacing-left-small:1.92%;\"><div class=\"fusion-column-wrapper fusion-column-has-shadow fusion-flex-justify-content-flex-start fusion-content-layout-column\"><div class=\"fusion-text fusion-text-1\"><h4><strong>Data protection declaration<\/strong><\/h4>\n<ol>\n<li><strong> Name and contact details of the responsible person<\/strong><\/li>\n<\/ol>\n<p>The responsible person within the context of the EU General Data Protection Regulation (GDPR) and the Federal Data Protection Act (BDSG) is:<\/p>\n<p>Fabian Sittaro<br \/>Institut f\u00fcr Geographie<br \/>Johannisallee 19a<br \/>04317 Leipzig<\/p>\n<p>info@ipsmonitor.de<\/p>\n<ol start=\"2\">\n<li><strong> Data acquisition and processing<\/strong><\/li>\n<\/ol>\n<p>We only collect and process personal data if you provide it to us via the contact form provided on our website. This data is processed for the sole purpose of responding to your enquiries. The legal basis for the processing of this data is Article 6(1)(b) DSGVO, which permits the processing of data for the performance of a contract or pre-contractual measures.<\/p>\n<p>The processing of personal data, such as your name or email address, is always in accordance with the Data Protection Regulation (DSGVO), the Federal Data Protection Act (BDSG) and in compliance with the country-specific data protection regulations applicable to us.<\/p>\n<ol start=\"3\">\n<li><strong> Cookies<\/strong><\/li>\n<\/ol>\n<p>Our website uses cookies that are used to display our website correctly. They do not contain any personal data and are deleted after you close your browser. The legal basis for processing cookies for technical purposes is Article 6(1)(f) DSGVO.<\/p>\n<ol start=\"4\">\n<li><strong> Data subject rights<\/strong><\/li>\n<\/ol>\n<p>You have the right to request information about the processing of your personal data. In particular, you can request information about the purposes of processing, the categories of personal data that are processed and the planned storage period. These rights are enshrined in Articles 15 to 21 of the GDPR.<\/p>\n<ol start=\"5\">\n<li><strong> Data security<\/strong><\/li>\n<\/ol>\n<p>Within the website visit, we use the widespread SSL procedure (Secure Socket Layer) in conjunction with the highest encryption level supported by your browser.<\/p>\n<ol start=\"6\">\n<li><strong> Further information<\/strong><\/li>\n<\/ol>\n<p><strong>Provision of online offer on rented storage space: <\/strong>For the provision of our online offer, we use storage space, computing capacity and software that we rent or otherwise obtain from a corresponding server provider (also referred to as \"web hoster\"); Legal basis: Legitimate interests (Art. 6 para. 1 p. 1 lit. f) DSGVO).<\/p>\n<p><strong>ALL-INKL: <\/strong>Services in the field of providing information technology infrastructure and related services (e.g. storage space and\/or computing capacities); Service provider: ALL-INKL.COM - Neue Medien M\u00fcnnich, Owner: Ren\u00e9 M\u00fcnnich, Hauptstra\u00dfe 68, 02742 Friedersdorf, Germany; Legal basis: Legitimate interests (Art. 6 para. 1 p. 1 lit. f) DSGVO); Website: <a href=\"https:\/\/all-inkl.com\/\">https:\/\/all-inkl.com\/<\/a>; Data protection regulation: <a href=\"https:\/\/all-inkl.com\/datenschutzinformationen\/\">https:\/\/all-inkl.com\/datenschutzinformationen\/<\/a>; Order processing contract: Provided by the service provider.<\/p>\n<p><strong>WordPress.com: <\/strong>Hosting and software for the creation, provision and operation of websites, blogs and other online offerings; Service provider: Aut O'Mattic A8C Ireland Ltd, Grand Canal Dock, 25 Herbert Pl, Dublin, D02 AY86, Ireland; Legal basis: Legitimate interests (Art. 6 para. 1 p. 1 lit. f) DSGVO); Website: <a href=\"https:\/\/wordpress.com\">https:\/\/wordpress.com<\/a>; Data protection regulation: <a href=\"https:\/\/automattic.com\/de\/privacy\/\">https:\/\/automattic.com\/de\/privacy\/<\/a>; Order processing contract: <a href=\"https:\/\/wordpress.com\/support\/data-processing-agreements\/\">https:\/\/wordpress.com\/support\/data-processing-agreements\/<\/a>.<\/p>\n<\/div><\/div><\/div><\/div><\/div>","protected":false},"excerpt":{"rendered":"","protected":false},"author":1,"featured_media":0,"parent":0,"menu_order":0,"comment_status":"closed","ping_status":"closed","template":"100-width.php","meta":{"footnotes":""},"class_list":["post-747","page","type-page","status-publish","hentry"],"_links":{"self":[{"href":"https:\/\/ipsmonitor.de\/en\/wp-json\/wp\/v2\/pages\/747","targetHints":{"allow":["GET"]}}],"collection":[{"href":"https:\/\/ipsmonitor.de\/en\/wp-json\/wp\/v2\/pages"}],"about":[{"href":"https:\/\/ipsmonitor.de\/en\/wp-json\/wp\/v2\/types\/page"}],"author":[{"embeddable":true,"href":"https:\/\/ipsmonitor.de\/en\/wp-json\/wp\/v2\/users\/1"}],"replies":[{"embeddable":true,"href":"https:\/\/ipsmonitor.de\/en\/wp-json\/wp\/v2\/comments?post=747"}],"version-history":[{"count":4,"href":"https:\/\/ipsmonitor.de\/en\/wp-json\/wp\/v2\/pages\/747\/revisions"}],"predecessor-version":[{"id":1448,"href":"https:\/\/ipsmonitor.de\/en\/wp-json\/wp\/v2\/pages\/747\/revisions\/1448"}],"wp:attachment":[{"href":"https:\/\/ipsmonitor.de\/en\/wp-json\/wp\/v2\/media?parent=747"}],"curies":[{"name":"wp","href":"https:\/\/api.w.org\/{rel}","templated":true}]}}